{"id":121,"date":"2016-08-03T06:22:44","date_gmt":"2016-08-03T06:22:44","guid":{"rendered":"http:\/\/oko.pres-24.pl\/?page_id=121"},"modified":"2016-08-03T06:22:44","modified_gmt":"2016-08-03T06:22:44","slug":"napisz-do-nas","status":"publish","type":"page","link":"https:\/\/oko.pres-24.pl\/?page_id=121","title":{"rendered":"Napisz do nas!"},"content":{"rendered":"<p>Je\u015bli jest co\u015b co wiesz i uwa\u017casz, \u017ce my r\u00f3wnie\u017c powinni\u015bmy o tym wiedzie\u0107, napisz do nas.<\/p>\n<p><strong>Redakcjaportalu@yahoo.com<\/strong><\/p>\n","protected":false},"excerpt":{"rendered":"<p>Je\u015bli jest co\u015b co wiesz i uwa\u017casz, \u017ce my r\u00f3wnie\u017c <a class=\"more-link\" href=\"https:\/\/oko.pres-24.pl\/?page_id=121\">Czytaj dalej \u2192<\/a><\/p>\n","protected":false},"author":1,"featured_media":0,"parent":0,"menu_order":0,"comment_status":"closed","ping_status":"closed","template":"","meta":{"footnotes":""},"class_list":["post-121","page","type-page","status-publish","hentry"],"aioseo_notices":[],"_links":{"self":[{"href":"https:\/\/oko.pres-24.pl\/index.php?rest_route=\/wp\/v2\/pages\/121","targetHints":{"allow":["GET"]}}],"collection":[{"href":"https:\/\/oko.pres-24.pl\/index.php?rest_route=\/wp\/v2\/pages"}],"about":[{"href":"https:\/\/oko.pres-24.pl\/index.php?rest_route=\/wp\/v2\/types\/page"}],"author":[{"embeddable":true,"href":"https:\/\/oko.pres-24.pl\/index.php?rest_route=\/wp\/v2\/users\/1"}],"replies":[{"embeddable":true,"href":"https:\/\/oko.pres-24.pl\/index.php?rest_route=%2Fwp%2Fv2%2Fcomments&post=121"}],"version-history":[{"count":1,"href":"https:\/\/oko.pres-24.pl\/index.php?rest_route=\/wp\/v2\/pages\/121\/revisions"}],"predecessor-version":[{"id":122,"href":"https:\/\/oko.pres-24.pl\/index.php?rest_route=\/wp\/v2\/pages\/121\/revisions\/122"}],"wp:attachment":[{"href":"https:\/\/oko.pres-24.pl\/index.php?rest_route=%2Fwp%2Fv2%2Fmedia&parent=121"}],"curies":[{"name":"wp","href":"https:\/\/api.w.org\/{rel}","templated":true}]}}